{"id":41,"date":"2023-10-06T09:44:15","date_gmt":"2023-10-06T07:44:15","guid":{"rendered":"https:\/\/rucher-de-plancq.com\/index.php\/our-story\/"},"modified":"2023-12-04T13:15:50","modified_gmt":"2023-12-04T12:15:50","slug":"notre-histoire","status":"publish","type":"page","link":"https:\/\/rucher-de-plancq.com\/index.php\/notre-histoire\/","title":{"rendered":"Notre histoire"},"content":{"rendered":"\t\t<div data-elementor-type=\"wp-page\" data-elementor-id=\"41\" class=\"elementor elementor-41\" data-elementor-post-type=\"page\">\n\t\t\t\t<div class=\"elementor-element elementor-element-7e1c8640 e-con-full e-flex e-con e-parent\" data-id=\"7e1c8640\" data-element_type=\"container\" data-core-v316-plus=\"true\">\n\t\t<div class=\"elementor-element elementor-element-595d6c92 e-con-full e-flex elementor-invisible e-con e-child\" data-id=\"595d6c92\" data-element_type=\"container\" data-settings=\"{&quot;background_background&quot;:&quot;classic&quot;,&quot;animation&quot;:&quot;slideInLeft&quot;}\">\n\t\t\t\t<\/div>\n\t\t<div class=\"elementor-element elementor-element-1a97f4b9 e-con-full e-flex e-con e-child\" data-id=\"1a97f4b9\" data-element_type=\"container\">\n\t\t<div class=\"elementor-element elementor-element-33b907f e-flex e-con-boxed e-con e-child\" data-id=\"33b907f\" data-element_type=\"container\">\n\t\t\t\t\t<div class=\"e-con-inner\">\n\t\t\t\t<div class=\"elementor-element elementor-element-1a8bc6d7 animated-slow elementor-invisible elementor-widget elementor-widget-heading\" data-id=\"1a8bc6d7\" data-element_type=\"widget\" data-settings=\"{&quot;_animation&quot;:&quot;fadeInLeft&quot;,&quot;_animation_delay&quot;:600}\" data-widget_type=\"heading.default\">\n\t\t\t\t<div class=\"elementor-widget-container\">\n\t\t\t<style>\/*! elementor - v3.20.0 - 20-03-2024 *\/\n.elementor-heading-title{padding:0;margin:0;line-height:1}.elementor-widget-heading .elementor-heading-title[class*=elementor-size-]>a{color:inherit;font-size:inherit;line-height:inherit}.elementor-widget-heading .elementor-heading-title.elementor-size-small{font-size:15px}.elementor-widget-heading .elementor-heading-title.elementor-size-medium{font-size:19px}.elementor-widget-heading .elementor-heading-title.elementor-size-large{font-size:29px}.elementor-widget-heading .elementor-heading-title.elementor-size-xl{font-size:39px}.elementor-widget-heading .elementor-heading-title.elementor-size-xxl{font-size:59px}<\/style><h1 class=\"elementor-heading-title elementor-size-default\">Qui suis-je ?<\/h1>\t\t<\/div>\n\t\t\t\t<\/div>\n\t\t\t\t<div class=\"elementor-element elementor-element-47f9f148 elementor-invisible elementor-widget elementor-widget-heading\" data-id=\"47f9f148\" data-element_type=\"widget\" data-settings=\"{&quot;_animation&quot;:&quot;fadeInDown&quot;,&quot;_animation_delay&quot;:1400}\" data-widget_type=\"heading.default\">\n\t\t\t\t<div class=\"elementor-widget-container\">\n\t\t\t<h2 class=\"elementor-heading-title elementor-size-default\">La passion de la transmission \n<\/h2>\t\t<\/div>\n\t\t\t\t<\/div>\n\t\t\t\t\t<\/div>\n\t\t\t\t<\/div>\n\t\t<div class=\"elementor-element elementor-element-6a9990f3 e-flex e-con-boxed elementor-invisible e-con e-child\" data-id=\"6a9990f3\" data-element_type=\"container\" data-settings=\"{&quot;motion_fx_motion_fx_scrolling&quot;:&quot;yes&quot;,&quot;motion_fx_translateY_effect&quot;:&quot;yes&quot;,&quot;motion_fx_translateY_speed&quot;:{&quot;unit&quot;:&quot;px&quot;,&quot;size&quot;:2,&quot;sizes&quot;:[]},&quot;animation&quot;:&quot;fadeIn&quot;,&quot;animation_delay&quot;:2000,&quot;motion_fx_translateY_affectedRange&quot;:{&quot;unit&quot;:&quot;%&quot;,&quot;size&quot;:&quot;&quot;,&quot;sizes&quot;:{&quot;start&quot;:0,&quot;end&quot;:100}},&quot;motion_fx_devices&quot;:[&quot;desktop&quot;,&quot;tablet&quot;,&quot;mobile&quot;]}\">\n\t\t\t\t\t<div class=\"e-con-inner\">\n\t\t\t\t<div class=\"elementor-element elementor-element-34dc5f77 elementor-widget-mobile__width-initial animated-slow elementor-widget elementor-widget-image\" data-id=\"34dc5f77\" data-element_type=\"widget\" data-settings=\"{&quot;motion_fx_motion_fx_scrolling&quot;:&quot;yes&quot;,&quot;motion_fx_translateY_effect&quot;:&quot;yes&quot;,&quot;motion_fx_translateY_direction&quot;:&quot;negative&quot;,&quot;motion_fx_translateY_speed&quot;:{&quot;unit&quot;:&quot;px&quot;,&quot;size&quot;:1.5,&quot;sizes&quot;:[]},&quot;_animation&quot;:&quot;none&quot;,&quot;motion_fx_translateY_affectedRange&quot;:{&quot;unit&quot;:&quot;%&quot;,&quot;size&quot;:&quot;&quot;,&quot;sizes&quot;:{&quot;start&quot;:0,&quot;end&quot;:100}},&quot;motion_fx_devices&quot;:[&quot;desktop&quot;,&quot;tablet&quot;,&quot;mobile&quot;]}\" data-widget_type=\"image.default\">\n\t\t\t\t<div class=\"elementor-widget-container\">\n\t\t\t<style>\/*! elementor - v3.20.0 - 20-03-2024 *\/\n.elementor-widget-image{text-align:center}.elementor-widget-image a{display:inline-block}.elementor-widget-image a img[src$=\".svg\"]{width:48px}.elementor-widget-image img{vertical-align:middle;display:inline-block}<\/style>\t\t\t\t\t\t\t\t\t\t<img fetchpriority=\"high\" decoding=\"async\" width=\"924\" height=\"2000\" src=\"https:\/\/rucher-de-plancq.com\/wp-content\/uploads\/2023\/11\/IMG_0014.jpg\" class=\"attachment-full size-full wp-image-259\" alt=\"\" srcset=\"https:\/\/rucher-de-plancq.com\/wp-content\/uploads\/2023\/11\/IMG_0014.jpg 924w, https:\/\/rucher-de-plancq.com\/wp-content\/uploads\/2023\/11\/IMG_0014-139x300.jpg 139w, https:\/\/rucher-de-plancq.com\/wp-content\/uploads\/2023\/11\/IMG_0014-473x1024.jpg 473w, https:\/\/rucher-de-plancq.com\/wp-content\/uploads\/2023\/11\/IMG_0014-768x1662.jpg 768w, https:\/\/rucher-de-plancq.com\/wp-content\/uploads\/2023\/11\/IMG_0014-710x1536.jpg 710w\" sizes=\"(max-width: 924px) 100vw, 924px\" \/>\t\t\t\t\t\t\t\t\t\t\t\t\t<\/div>\n\t\t\t\t<\/div>\n\t\t\t\t<div class=\"elementor-element elementor-element-773be5e1 animated-slow elementor-widget-mobile__width-initial elementor-widget elementor-widget-image\" data-id=\"773be5e1\" data-element_type=\"widget\" data-settings=\"{&quot;_animation&quot;:&quot;none&quot;,&quot;motion_fx_motion_fx_scrolling&quot;:&quot;yes&quot;,&quot;motion_fx_translateY_effect&quot;:&quot;yes&quot;,&quot;motion_fx_translateY_speed&quot;:{&quot;unit&quot;:&quot;px&quot;,&quot;size&quot;:1,&quot;sizes&quot;:[]},&quot;motion_fx_translateY_affectedRange&quot;:{&quot;unit&quot;:&quot;%&quot;,&quot;size&quot;:&quot;&quot;,&quot;sizes&quot;:{&quot;start&quot;:0,&quot;end&quot;:100}},&quot;motion_fx_devices&quot;:[&quot;desktop&quot;,&quot;tablet&quot;,&quot;mobile&quot;]}\" data-widget_type=\"image.default\">\n\t\t\t\t<div class=\"elementor-widget-container\">\n\t\t\t\t\t\t\t\t\t\t\t\t\t<img decoding=\"async\" width=\"924\" height=\"2000\" src=\"https:\/\/rucher-de-plancq.com\/wp-content\/uploads\/2023\/11\/IMG_0007.jpg\" class=\"attachment-full size-full wp-image-260\" alt=\"\" srcset=\"https:\/\/rucher-de-plancq.com\/wp-content\/uploads\/2023\/11\/IMG_0007.jpg 924w, https:\/\/rucher-de-plancq.com\/wp-content\/uploads\/2023\/11\/IMG_0007-139x300.jpg 139w, https:\/\/rucher-de-plancq.com\/wp-content\/uploads\/2023\/11\/IMG_0007-473x1024.jpg 473w, https:\/\/rucher-de-plancq.com\/wp-content\/uploads\/2023\/11\/IMG_0007-768x1662.jpg 768w, https:\/\/rucher-de-plancq.com\/wp-content\/uploads\/2023\/11\/IMG_0007-710x1536.jpg 710w\" sizes=\"(max-width: 924px) 100vw, 924px\" \/>\t\t\t\t\t\t\t\t\t\t\t\t\t<\/div>\n\t\t\t\t<\/div>\n\t\t\t\t\t<\/div>\n\t\t\t\t<\/div>\n\t\t\t\t<\/div>\n\t\t\t\t<\/div>\n\t\t<div class=\"elementor-element elementor-element-597845e3 e-flex e-con-boxed e-con e-parent\" data-id=\"597845e3\" data-element_type=\"container\" data-core-v316-plus=\"true\">\n\t\t\t\t\t<div class=\"e-con-inner\">\n\t\t<div class=\"elementor-element elementor-element-59a33a78 e-con-full e-flex e-con e-child\" data-id=\"59a33a78\" data-element_type=\"container\">\n\t\t<div class=\"elementor-element elementor-element-48604294 e-con-full e-flex e-con e-child\" data-id=\"48604294\" data-element_type=\"container\">\n\t\t\t\t<div class=\"elementor-element elementor-element-4af211f3 elementor-invisible elementor-widget elementor-widget-heading\" data-id=\"4af211f3\" data-element_type=\"widget\" data-settings=\"{&quot;_animation&quot;:&quot;fadeIn&quot;}\" data-widget_type=\"heading.default\">\n\t\t\t\t<div class=\"elementor-widget-container\">\n\t\t\t<h6 class=\"elementor-heading-title elementor-size-default\">Une passion encr\u00e9e dans la famille<\/h6>\t\t<\/div>\n\t\t\t\t<\/div>\n\t\t\t\t<div class=\"elementor-element elementor-element-7afc2d9c elementor-widget elementor-widget-text-editor\" data-id=\"7afc2d9c\" data-element_type=\"widget\" data-widget_type=\"text-editor.default\">\n\t\t\t\t<div class=\"elementor-widget-container\">\n\t\t\t<style>\/*! elementor - v3.20.0 - 20-03-2024 *\/\n.elementor-widget-text-editor.elementor-drop-cap-view-stacked .elementor-drop-cap{background-color:#69727d;color:#fff}.elementor-widget-text-editor.elementor-drop-cap-view-framed .elementor-drop-cap{color:#69727d;border:3px solid;background-color:transparent}.elementor-widget-text-editor:not(.elementor-drop-cap-view-default) .elementor-drop-cap{margin-top:8px}.elementor-widget-text-editor:not(.elementor-drop-cap-view-default) .elementor-drop-cap-letter{width:1em;height:1em}.elementor-widget-text-editor .elementor-drop-cap{float:left;text-align:center;line-height:1;font-size:50px}.elementor-widget-text-editor .elementor-drop-cap-letter{display:inline-block}<\/style>\t\t\t\t<p><span style=\"font-weight: 400;\">Je m\u2019appelle Th\u00e9ophile et depuis l\u2019\u00e2ge de 13 ans, je suis passionn\u00e9 par l&#8217;univers de la ruche. Cette passion ancr\u00e9e dans la famille, nous a \u00e9t\u00e9 transmise par mon grand-p\u00e8re qui se r\u00e9veilla un jour avec un essaim dans son jardin. Et me voil\u00e0, plus de 13 ans apr\u00e8s avec une v\u00e9ritable envie de transmettre\u00a0 ma passion en la liant \u00e0 mon quotidien.\u00a0<\/span><\/p><p><span style=\"font-weight: 400;\">Faire d\u00e9couvrir \u00e0 travers l\u2019entreprise l\u2019int\u00e9rieur d\u2019une ruche, initier et r\u00e9colter le miel se r\u00e9v\u00e8le, pour moi un moyen tr\u00e8s simple de toucher et transmettre mes connaissances.\u00a0<\/span><\/p><p><span style=\"font-weight: 400;\">Apr\u00e8s 8 ans d&#8217;exp\u00e9rience dans le management, le digital et la communication, il \u00e9tait pour moi important d\u2019ajouter ce nouveau projet \u00e0 mon quotidien.\u00a0<\/span><\/p><p><span style=\"font-weight: 400;\">Je suis disponible pour discuter et \u00e9changer avec vous sur vos projets, vos envies !\u00a0<\/span><\/p><p><span style=\"font-weight: 400;\">Et pourquoi pas travailler ensemble en mettant une ruche chez vous <\/span><span style=\"font-weight: 400;\">? <\/span><\/p>\t\t\t\t\t\t<\/div>\n\t\t\t\t<\/div>\n\t\t\t\t<div class=\"elementor-element elementor-element-7ead3701 elementor-widget elementor-widget-heading\" data-id=\"7ead3701\" data-element_type=\"widget\" data-widget_type=\"heading.default\">\n\t\t\t\t<div class=\"elementor-widget-container\">\n\t\t\t<h6 class=\"elementor-heading-title elementor-size-default\">Th\u00e9ophile Plancq<\/h6>\t\t<\/div>\n\t\t\t\t<\/div>\n\t\t\t\t<\/div>\n\t\t\t\t<div class=\"elementor-element elementor-element-aacb35a elementor-widget-tablet__width-initial elementor-widget-mobile__width-inherit elementor-invisible elementor-widget elementor-widget-icon-box\" data-id=\"aacb35a\" data-element_type=\"widget\" data-settings=\"{&quot;_animation&quot;:&quot;fadeIn&quot;}\" data-widget_type=\"icon-box.default\">\n\t\t\t\t<div class=\"elementor-widget-container\">\n\t\t\t<link rel=\"stylesheet\" href=\"https:\/\/rucher-de-plancq.com\/wp-content\/plugins\/elementor\/assets\/css\/widget-icon-box.min.css\">\t\t<div class=\"elementor-icon-box-wrapper\">\n\t\t\t\t\t\t<div class=\"elementor-icon-box-content\">\n\t\t\t\t<h3 class=\"elementor-icon-box-title\">\n\t\t\t\t\t<span  >\n\t\t\t\t\t\tMes valeurs\t\t\t\t\t<\/span>\n\t\t\t\t<\/h3>\n\t\t\t\t\t\t\t\t\t<p class=\"elementor-icon-box-description\">\n\t\t\t\t\t\tLa confiance,  le respect et le partage\t\t\t\t\t<\/p>\n\t\t\t\t\t\t\t<\/div>\n\t\t<\/div>\n\t\t\t\t<\/div>\n\t\t\t\t<\/div>\n\t\t\t\t<div class=\"elementor-element elementor-element-669b48ab elementor-widget-tablet__width-initial elementor-widget-mobile__width-inherit elementor-invisible elementor-widget elementor-widget-icon-box\" data-id=\"669b48ab\" data-element_type=\"widget\" data-settings=\"{&quot;_animation&quot;:&quot;fadeIn&quot;,&quot;_animation_delay&quot;:200}\" data-widget_type=\"icon-box.default\">\n\t\t\t\t<div class=\"elementor-widget-container\">\n\t\t\t\t\t<div class=\"elementor-icon-box-wrapper\">\n\t\t\t\t\t\t<div class=\"elementor-icon-box-content\">\n\t\t\t\t<h3 class=\"elementor-icon-box-title\">\n\t\t\t\t\t<span  >\n\t\t\t\t\t\tD\u00e9couvrir mon offre : \t\t\t\t\t<\/span>\n\t\t\t\t<\/h3>\n\t\t\t\t\t\t\t\t\t<p class=\"elementor-icon-box-description\">\n\t\t\t\t\t\tQue vous d\u00e9cidiez de mettre 1 ruche ou plus. Votre offre sera faite sur-mesure et fa\u00e7onn\u00e9e selon vos besoins, refl\u00e9tant vos pr\u00e9f\u00e9rences et vos objectifs. Avec une flexibilit\u00e9 totale et un service d\u00e9di\u00e9, je vous garantie une solution qui vous satisfait pleinement. <br><br>Discutons en ensemble !\t\t\t\t\t<\/p>\n\t\t\t\t\t\t\t<\/div>\n\t\t<\/div>\n\t\t\t\t<\/div>\n\t\t\t\t<\/div>\n\t\t\t\t<\/div>\n\t\t<div class=\"elementor-element elementor-element-6ff559cd e-con-full e-flex e-con e-child\" data-id=\"6ff559cd\" data-element_type=\"container\">\n\t\t<div class=\"elementor-element elementor-element-759b34ab e-flex e-con-boxed e-con e-child\" data-id=\"759b34ab\" data-element_type=\"container\" data-settings=\"{&quot;background_background&quot;:&quot;slideshow&quot;,&quot;motion_fx_motion_fx_scrolling&quot;:&quot;yes&quot;,&quot;motion_fx_translateY_effect&quot;:&quot;yes&quot;,&quot;motion_fx_translateY_direction&quot;:&quot;negative&quot;,&quot;motion_fx_translateY_speed&quot;:{&quot;unit&quot;:&quot;px&quot;,&quot;size&quot;:1,&quot;sizes&quot;:[]},&quot;background_slideshow_gallery&quot;:[{&quot;id&quot;:259,&quot;url&quot;:&quot;http:\\\/\\\/rucher-de-plancq.com\\\/wp-content\\\/uploads\\\/2023\\\/11\\\/IMG_0014.jpg&quot;},{&quot;id&quot;:258,&quot;url&quot;:&quot;http:\\\/\\\/rucher-de-plancq.com\\\/wp-content\\\/uploads\\\/2023\\\/11\\\/IMG_0004.jpg&quot;},{&quot;id&quot;:261,&quot;url&quot;:&quot;http:\\\/\\\/rucher-de-plancq.com\\\/wp-content\\\/uploads\\\/2023\\\/11\\\/IMG_0010.jpg&quot;},{&quot;id&quot;:202,&quot;url&quot;:&quot;http:\\\/\\\/rucher-de-plancq.com\\\/wp-content\\\/uploads\\\/2023\\\/11\\\/presentation-ruche.jpeg&quot;}],&quot;background_slideshow_loop&quot;:&quot;yes&quot;,&quot;background_slideshow_slide_duration&quot;:5000,&quot;background_slideshow_slide_transition&quot;:&quot;fade&quot;,&quot;background_slideshow_transition_duration&quot;:500,&quot;background_motion_fx_devices&quot;:[&quot;desktop&quot;,&quot;tablet&quot;,&quot;mobile&quot;],&quot;motion_fx_translateY_affectedRange&quot;:{&quot;unit&quot;:&quot;%&quot;,&quot;size&quot;:&quot;&quot;,&quot;sizes&quot;:{&quot;start&quot;:0,&quot;end&quot;:100}},&quot;motion_fx_devices&quot;:[&quot;desktop&quot;,&quot;tablet&quot;,&quot;mobile&quot;]}\">\n\t\t\t\t\t<div class=\"e-con-inner\">\n\t\t\t\t\t<\/div>\n\t\t\t\t<\/div>\n\t\t\t\t<\/div>\n\t\t\t\t\t<\/div>\n\t\t\t\t<\/div>\n\t\t\t\t<\/div>\n\t\t","protected":false},"excerpt":{"rendered":"<p>Qui suis-je ? La passion de la transmission Une passion encr\u00e9e dans la famille Je m\u2019appelle Th\u00e9ophile et depuis l\u2019\u00e2ge de 13 ans, je suis passionn\u00e9 par l&#8217;univers de la ruche. Cette passion ancr\u00e9e dans la famille, nous a \u00e9t\u00e9 transmise par mon grand-p\u00e8re qui se r\u00e9veilla un jour avec un essaim dans son jardin. [&hellip;]<\/p>\n","protected":false},"author":1,"featured_media":0,"parent":0,"menu_order":0,"comment_status":"closed","ping_status":"closed","template":"elementor_header_footer","meta":{"footnotes":""},"class_list":["post-41","page","type-page","status-publish","hentry"],"_links":{"self":[{"href":"https:\/\/rucher-de-plancq.com\/index.php\/wp-json\/wp\/v2\/pages\/41","targetHints":{"allow":["GET"]}}],"collection":[{"href":"https:\/\/rucher-de-plancq.com\/index.php\/wp-json\/wp\/v2\/pages"}],"about":[{"href":"https:\/\/rucher-de-plancq.com\/index.php\/wp-json\/wp\/v2\/types\/page"}],"author":[{"embeddable":true,"href":"https:\/\/rucher-de-plancq.com\/index.php\/wp-json\/wp\/v2\/users\/1"}],"replies":[{"embeddable":true,"href":"https:\/\/rucher-de-plancq.com\/index.php\/wp-json\/wp\/v2\/comments?post=41"}],"version-history":[{"count":26,"href":"https:\/\/rucher-de-plancq.com\/index.php\/wp-json\/wp\/v2\/pages\/41\/revisions"}],"predecessor-version":[{"id":298,"href":"https:\/\/rucher-de-plancq.com\/index.php\/wp-json\/wp\/v2\/pages\/41\/revisions\/298"}],"wp:attachment":[{"href":"https:\/\/rucher-de-plancq.com\/index.php\/wp-json\/wp\/v2\/media?parent=41"}],"curies":[{"name":"wp","href":"https:\/\/api.w.org\/{rel}","templated":true}]}}